{"id":163,"date":"2013-12-31T20:27:33","date_gmt":"2013-12-31T19:27:33","guid":{"rendered":"http:\/\/virtova.cz\/?page_id=163"},"modified":"2014-02-07T12:44:48","modified_gmt":"2014-02-07T11:44:48","slug":"kocici-nadeje","status":"publish","type":"page","link":"https:\/\/virtova.cz\/?page_id=163","title":{"rendered":"Ko\u010di\u010d\u00ed nad\u011bje"},"content":{"rendered":"<p>Podporujeme <a title=\"ob\u010dansk\u00e9 sdru\u017een\u00ed Ko\u010di\u010d\u00ed nad\u011bje\" href=\"http:\/\/www.kocicinadeje.cz\/\">ob\u010dansk\u00e9 sdru\u017een\u00ed Ko\u010di\u010d\u00ed nad\u011bje<\/a>, jednomu kocourkovi jsme dali domov a <a title=\"Bor\u00edsek\" href=\"http:\/\/www.kociciprani.cz\/cat\/detail\/id\/621\">druh\u00e9ho sponzorujeme<\/a>.<br \/>\nKocour se sest\u0159i\u010dkou v \u00fatulku<br \/>\n<a href=\"http:\/\/virtova.cz\/wp-content\/uploads\/2013\/12\/garfieldmrne.jpg\"><img loading=\"lazy\" class=\"alignnone size-medium wp-image-167\" title=\"kocoursesestrou\" src=\"http:\/\/virtova.cz\/wp-content\/uploads\/2013\/12\/garfieldmrne-300x231.jpg\" alt=\"\" width=\"300\" height=\"231\" srcset=\"https:\/\/virtova.cz\/wp-content\/uploads\/2013\/12\/garfieldmrne-300x231.jpg 300w, https:\/\/virtova.cz\/wp-content\/uploads\/2013\/12\/garfieldmrne-1024x788.jpg 1024w, https:\/\/virtova.cz\/wp-content\/uploads\/2013\/12\/garfieldmrne.jpg 2000w\" sizes=\"(max-width: 300px) 100vw, 300px\" \/><\/a><\/p>\n<p>Kocour byl 3 m\u011bs\u00edce v \u00fatulku a tak jsme si ho adoptovali, ji\u017e se zabydlel na okn\u011b u radi\u00e1toru<br \/>\n<a href=\"http:\/\/virtova.cz\/wp-content\/uploads\/2013\/12\/kocouruokna.jpg\"><img loading=\"lazy\" class=\"alignnone size-medium wp-image-169\" title=\"kocouruokna\" src=\"http:\/\/virtova.cz\/wp-content\/uploads\/2013\/12\/kocouruokna-300x169.jpg\" alt=\"\" width=\"300\" height=\"169\" srcset=\"https:\/\/virtova.cz\/wp-content\/uploads\/2013\/12\/kocouruokna-300x169.jpg 300w, https:\/\/virtova.cz\/wp-content\/uploads\/2013\/12\/kocouruokna.jpg 1024w\" sizes=\"(max-width: 300px) 100vw, 300px\" \/><\/a><br \/>\nDostal lep\u0161\u00ed pel\u00ed\u0161ek a stejn\u011b je st\u0159\u00edd\u00e1, chce o n\u00e1s m\u00edt p\u0159ehled<br \/>\n<a href=\"http:\/\/virtova.cz\/wp-content\/uploads\/2013\/12\/kocourjdezpelechu.jpg\"><img loading=\"lazy\" class=\"alignnone size-medium wp-image-168\" title=\"kocourjdezpelechu\" src=\"http:\/\/virtova.cz\/wp-content\/uploads\/2013\/12\/kocourjdezpelechu-223x300.jpg\" alt=\"\" width=\"223\" height=\"300\" srcset=\"https:\/\/virtova.cz\/wp-content\/uploads\/2013\/12\/kocourjdezpelechu-223x300.jpg 223w, https:\/\/virtova.cz\/wp-content\/uploads\/2013\/12\/kocourjdezpelechu.jpg 572w\" sizes=\"(max-width: 223px) 100vw, 223px\" \/><\/a><\/p>\n","protected":false},"excerpt":{"rendered":"<p>Podporujeme ob\u010dansk\u00e9 sdru\u017een\u00ed Ko\u010di\u010d\u00ed nad\u011bje, jednomu kocourkovi jsme dali domov a druh\u00e9ho sponzorujeme. Kocour se sest\u0159i\u010dkou v \u00fatulku Kocour byl 3 m\u011bs\u00edce v \u00fatulku a tak jsme si ho adoptovali, ji\u017e se zabydlel na okn\u011b u radi\u00e1toru Dostal lep\u0161\u00ed pel\u00ed\u0161ek &hellip; <a href=\"https:\/\/virtova.cz\/?page_id=163\">Cel\u00fd p\u0159\u00edsp\u011bvek <span class=\"meta-nav\">&rarr;<\/span><\/a><\/p>\n","protected":false},"author":1,"featured_media":0,"parent":180,"menu_order":88,"comment_status":"closed","ping_status":"closed","template":"","meta":{"ngg_post_thumbnail":0},"_links":{"self":[{"href":"https:\/\/virtova.cz\/index.php?rest_route=\/wp\/v2\/pages\/163"}],"collection":[{"href":"https:\/\/virtova.cz\/index.php?rest_route=\/wp\/v2\/pages"}],"about":[{"href":"https:\/\/virtova.cz\/index.php?rest_route=\/wp\/v2\/types\/page"}],"author":[{"embeddable":true,"href":"https:\/\/virtova.cz\/index.php?rest_route=\/wp\/v2\/users\/1"}],"replies":[{"embeddable":true,"href":"https:\/\/virtova.cz\/index.php?rest_route=%2Fwp%2Fv2%2Fcomments&post=163"}],"version-history":[{"count":8,"href":"https:\/\/virtova.cz\/index.php?rest_route=\/wp\/v2\/pages\/163\/revisions"}],"predecessor-version":[{"id":182,"href":"https:\/\/virtova.cz\/index.php?rest_route=\/wp\/v2\/pages\/163\/revisions\/182"}],"up":[{"embeddable":true,"href":"https:\/\/virtova.cz\/index.php?rest_route=\/wp\/v2\/pages\/180"}],"wp:attachment":[{"href":"https:\/\/virtova.cz\/index.php?rest_route=%2Fwp%2Fv2%2Fmedia&parent=163"}],"curies":[{"name":"wp","href":"https:\/\/api.w.org\/{rel}","templated":true}]}}