{"id":180,"date":"2014-02-07T12:43:47","date_gmt":"2014-02-07T11:43:47","guid":{"rendered":"http:\/\/virtova.cz\/?page_id=180"},"modified":"2017-09-12T18:09:34","modified_gmt":"2017-09-12T16:09:34","slug":"odkazy","status":"publish","type":"page","link":"https:\/\/virtova.cz\/?page_id=180","title":{"rendered":"Odkazy"},"content":{"rendered":"<p>Na\u0161e weby<\/p>\n<p><a href=\"http:\/\/www.zdenekvirt.cz\/\">Zden\u011bk Virt &#8211; mal\u00ed\u0159 a fotograf\u00a0<\/a><\/p>\n<p>&nbsp;<\/p>\n<p><a href=\"http:\/\/ipalecek.cz\/\">iPale\u010dek.cz \u00a0&#8211; podpora zdravotn\u011b posti\u017een\u00fdch<\/a><\/p>\n<p>&nbsp;<\/p>\n<p>&nbsp;<\/p>\n<p><a href=\"http:\/\/virtova.cz\/?page_id=193\">Obl\u00edben\u00e9 weby<\/a><\/p>\n<p>&nbsp;<\/p>\n<p>&nbsp;<\/p>\n<p>&nbsp;<\/p>\n<p><strong>Sponzorovan\u00e1 ob\u010dansk\u00e1 sdru\u017een\u00ed<\/strong><\/p>\n<p><a href=\"http:\/\/www.kocicinadeje.cz\/\">Ko\u010di\u010d\u00ed nad\u011bje<\/a><\/p>\n<p><a href=\"https:\/\/www.facebook.com\/kocicinadeje\">Ko\u010di\u010d\u00ed nad\u011bje na Facebooku<\/a><\/p>\n","protected":false},"excerpt":{"rendered":"<p>Na\u0161e weby Zden\u011bk Virt &#8211; mal\u00ed\u0159 a fotograf\u00a0 &nbsp; iPale\u010dek.cz \u00a0&#8211; podpora zdravotn\u011b posti\u017een\u00fdch &nbsp; &nbsp; Obl\u00edben\u00e9 weby &nbsp; &nbsp; &nbsp; Sponzorovan\u00e1 ob\u010dansk\u00e1 sdru\u017een\u00ed Ko\u010di\u010d\u00ed nad\u011bje Ko\u010di\u010d\u00ed nad\u011bje na Facebooku<\/p>\n","protected":false},"author":1,"featured_media":0,"parent":0,"menu_order":99,"comment_status":"closed","ping_status":"closed","template":"","meta":{"ngg_post_thumbnail":0},"_links":{"self":[{"href":"https:\/\/virtova.cz\/index.php?rest_route=\/wp\/v2\/pages\/180"}],"collection":[{"href":"https:\/\/virtova.cz\/index.php?rest_route=\/wp\/v2\/pages"}],"about":[{"href":"https:\/\/virtova.cz\/index.php?rest_route=\/wp\/v2\/types\/page"}],"author":[{"embeddable":true,"href":"https:\/\/virtova.cz\/index.php?rest_route=\/wp\/v2\/users\/1"}],"replies":[{"embeddable":true,"href":"https:\/\/virtova.cz\/index.php?rest_route=%2Fwp%2Fv2%2Fcomments&post=180"}],"version-history":[{"count":10,"href":"https:\/\/virtova.cz\/index.php?rest_route=\/wp\/v2\/pages\/180\/revisions"}],"predecessor-version":[{"id":201,"href":"https:\/\/virtova.cz\/index.php?rest_route=\/wp\/v2\/pages\/180\/revisions\/201"}],"wp:attachment":[{"href":"https:\/\/virtova.cz\/index.php?rest_route=%2Fwp%2Fv2%2Fmedia&parent=180"}],"curies":[{"name":"wp","href":"https:\/\/api.w.org\/{rel}","templated":true}]}}