{"id":87,"date":"2012-02-28T22:26:20","date_gmt":"2012-02-28T21:26:20","guid":{"rendered":"http:\/\/virtova.cz\/?page_id=87"},"modified":"2014-02-07T12:42:39","modified_gmt":"2014-02-07T11:42:39","slug":"galerie-virt-2","status":"publish","type":"page","link":"https:\/\/virtova.cz\/?page_id=87","title":{"rendered":"Galerie Virt"},"content":{"rendered":"<p><a href=\"http:\/\/virtova.cz\/?page_id=92\">Obrazy &#8211; modr\u00e9 obdob\u00ed<\/a><\/p>\n<p><a href=\"http:\/\/virtova.cz\/?page_id=94\">Obrazy &#8211; \u010derven\u00e9 obdob\u00ed<\/a><\/p>\n<p><a href=\"http:\/\/virtova.cz\/?page_id=98\">Kresby<\/a><\/p>\n","protected":false},"excerpt":{"rendered":"<p>Obrazy &#8211; modr\u00e9 obdob\u00ed Obrazy &#8211; \u010derven\u00e9 obdob\u00ed Kresby<\/p>\n","protected":false},"author":1,"featured_media":0,"parent":0,"menu_order":10,"comment_status":"closed","ping_status":"closed","template":"","meta":{"ngg_post_thumbnail":0},"_links":{"self":[{"href":"https:\/\/virtova.cz\/index.php?rest_route=\/wp\/v2\/pages\/87"}],"collection":[{"href":"https:\/\/virtova.cz\/index.php?rest_route=\/wp\/v2\/pages"}],"about":[{"href":"https:\/\/virtova.cz\/index.php?rest_route=\/wp\/v2\/types\/page"}],"author":[{"embeddable":true,"href":"https:\/\/virtova.cz\/index.php?rest_route=\/wp\/v2\/users\/1"}],"replies":[{"embeddable":true,"href":"https:\/\/virtova.cz\/index.php?rest_route=%2Fwp%2Fv2%2Fcomments&post=87"}],"version-history":[{"count":5,"href":"https:\/\/virtova.cz\/index.php?rest_route=\/wp\/v2\/pages\/87\/revisions"}],"predecessor-version":[{"id":91,"href":"https:\/\/virtova.cz\/index.php?rest_route=\/wp\/v2\/pages\/87\/revisions\/91"}],"wp:attachment":[{"href":"https:\/\/virtova.cz\/index.php?rest_route=%2Fwp%2Fv2%2Fmedia&parent=87"}],"curies":[{"name":"wp","href":"https:\/\/api.w.org\/{rel}","templated":true}]}}